{"id":1541,"date":"2022-06-14T08:15:28","date_gmt":"2022-06-14T06:15:28","guid":{"rendered":"https:\/\/bkdental.si\/?page_id=1541"},"modified":"2024-07-29T13:56:10","modified_gmt":"2024-07-29T11:56:10","slug":"darko-slovsa-dr-sc-mom-m-sc-dr-dent-med","status":"publish","type":"page","link":"https:\/\/bkdental.si\/en\/darko-slovsa-dr-sc-mom-m-sc-dr-dent-med\/","title":{"rendered":"DARKO SLOV\u0160A, DR.SC. MOM M.SC., DR.DENT.MED"},"content":{"rendered":"<div id=\"pl-1541\"  class=\"panel-layout\" ><div id=\"pg-1541-0\"  class=\"panel-grid panel-has-style\" ><div class=\"orion-collapse-right-top siteorigin-panels-stretch divider-no-animation tablet-1-in-row mobile-1-in-row desktop-default custom bg-o-contain-right panel-row-style panel-row-style-for-1541-0\" id=\"contact-form\" data-stretch-type=\"full\" ><div id=\"pgc-1541-0-0\"  class=\"panel-grid-cell\" ><div id=\"panel-1541-0-0-0\" class=\"so-panel widget widget_orion_image_w panel-first-child panel-last-child\" data-index=\"0\" ><div class=\"orion custom default shadow-1 panel-widget-style panel-widget-style-for-1541-0-0-0\" ><div\n\t\t\t\n\t\t\tclass=\"so-widget-orion_image_w so-widget-orion_image_w-base\"\n\t\t\t\n\t\t>\r\n<div class=\"image-w relative\">\r\n\r\n\t\t\t\t\t\t\t<div class=\"overlay-none overlay-hover-none\">\r\n\t\t\r\n\t\t\t\t\t<img loading=\"lazy\" decoding=\"async\" width=\"555\" height=\"831\" src=\"https:\/\/bkdental.si\/wp-content\/uploads\/2020\/04\/BKDental-zobozdravnik-3.jpg\" class=\"attachment- size-\" alt=\"DARKO SLOV\u0160A, dr.dent.med.\" \/>\t\t\t<div class=\"overlay\"><\/div>\r\n\t\t\r\n\t\t\t\t\t<\/div>\r\n\t\t\t\r\n\t\r\n\t<div class=\"absolute\">\r\n\t\t<div class=\"hover-desc table-wrap\">\r\n\t\t\t<div class=\"cell-wrap\">\r\n\t\t\t\t<h4 class=\"text-light\"><\/h4>\r\n\t\t\t<\/div>\r\n\t\t<\/div>\r\n\t<\/div>\t\t\t\t\t\r\n<\/div>\r\n\r\n<\/div><\/div><\/div><\/div><div id=\"pgc-1541-0-1\"  class=\"panel-grid-cell\" ><div id=\"panel-1541-0-1-0\" class=\"so-panel widget widget_orion_heading_w panel-first-child\" data-index=\"1\" ><div class=\"orion custom mobile-text-center tablets-text-center default panel-widget-style panel-widget-style-for-1541-0-1-0\" ><div\n\t\t\t\n\t\t\tclass=\"so-widget-orion_heading_w so-widget-orion_heading_w-base\"\n\t\t\t\n\t\t> \r\n\t\t\t<div class=\"row orion-heading\" style=\"margin-bottom:0px;\">\r\n\t\t<div class=\"col-md-12   text-left style-h4 style-tertiary-color\">\r\n\t\t\t<h4 class=\"tertiary-color text-uppercase\">\r\n\t\t\t\t<strong>SPECIALIST IN ORAL IMPLANTOLOGY<\/strong>\t\t\t<\/h4>\r\n\t\t<\/div>\r\n\t<\/div>\r\n\r\n\t<\/div><\/div><\/div><div id=\"panel-1541-0-1-1\" class=\"so-panel widget widget_orion_heading_w\" data-index=\"2\" ><div class=\"orion custom mobile-text-center tablets-text-center default panel-widget-style panel-widget-style-for-1541-0-1-1\" ><div\n\t\t\t\n\t\t\tclass=\"so-widget-orion_heading_w so-widget-orion_heading_w-base\"\n\t\t\t\n\t\t> \r\n\t\t\t<div class=\"row orion-heading\" style=\"margin-bottom:0px;\">\r\n\t\t<div class=\"col-md-12   text-left style-h1 style-primary-color\">\r\n\t\t\t<h1 class=\"primary-color\">\r\n\t\t\t\t<strong>DARKO SLOV\u0160A, DR.SC. MOM M.SC., DR.DENT.MED<\/strong>\t\t\t<\/h1>\r\n\t\t<\/div>\r\n\t<\/div>\r\n\r\n\t<\/div><\/div><\/div><div id=\"panel-1541-0-1-2\" class=\"so-panel widget widget_sow-editor\" data-index=\"3\" ><div class=\"lead orion custom mobile-text-center default panel-widget-style panel-widget-style-for-1541-0-1-2\" ><div\n\t\t\t\n\t\t\tclass=\"so-widget-sow-editor so-widget-sow-editor-base\"\n\t\t\t\n\t\t>\n<div class=\"siteorigin-widget-tinymce textwidget\">\n\t<p>Straumann \u00ae leader and teacher, oral surgeon specialising in implantology and bone regeneration. Dr. Slov\u0161a has trained and worked in Germany for more than 20 years.<\/p>\n<hr \/>\n<p>Faculty of Dentistry, Berlin (Benjamin Franklin) 1999.<br \/>\nSpecialisation as an oral surgeon at the Clinic for Maxillofacial Surgery and Plastic Surgery in Stuttgart 2006<\/p>\n<hr \/>\n<\/div>\n<\/div><\/div><\/div><div id=\"panel-1541-0-1-3\" class=\"so-panel widget widget_orion_icon_text_w panel-last-child\" data-index=\"4\" ><div class=\"orion custom default panel-widget-style panel-widget-style-for-1541-0-1-3\" ><div\n\t\t\t\n\t\t\tclass=\"so-widget-orion_icon_text_w so-widget-orion_icon_text_w-base\"\n\t\t\t\n\t\t>\r\n<div class=\"row icon-box-items-wrap grid short\">\r\n \r\n\t\r\n\t\t\r\n\t\t\r\n\t\t\t\t\r\n\t\t\r\n\t\t<div class=\"icon-box-wrap clearfix col-lg-4 col-md-4 col-sm-6 no_desc vertical-center\" style=\"margin-bottom:24px;\">\t\t\r\n\r\n\t\t\t<a class=\"title-link\" href=\"https:\/\/bkdental.si\/en\/storitve\/zobni-vsadki\/\"><h4 class=\"item-title h6\">Implantology<\/h4><\/a>\t\t\t\t\t\t\t<a href=\"https:\/\/bkdental.si\/en\/storitve\/zobni-vsadki\/\"  class=\"icon-wrap absolute simple\">\r\n\t\t\t\t\t<span class=\"sow-icon-dentalicons5\" data-sow-icon=\"&#xe907;\"\n\t\tstyle=\"color: #8cb400\" \n\t\taria-hidden=\"true\"><\/span>\t\t\t\t\t\t\t\t\t<\/a>\r\n\t\t\t\r\n\t\t\t\t\t\t\r\n\r\n\t\t\t\r\n\t\t<\/div>\r\n\t\r\n\t\t\r\n\t\t\r\n\t\t\t\t\r\n\t\t\r\n\t\t<div class=\"icon-box-wrap clearfix col-lg-4 col-md-4 col-sm-6 no_desc vertical-center\" style=\"margin-bottom:24px;\">\t\t\r\n\r\n\t\t\t<h4 class=\"item-title h6\">Oral surgery<\/h4>\t\t\t\t\t\t\t<div class=\"icon-wrap absolute simple\">\r\n\t\t\t\t\t<span class=\"sow-icon-dentalicons5\" data-sow-icon=\"&#xe903;\"\n\t\tstyle=\"color: #8cb400\" \n\t\taria-hidden=\"true\"><\/span>\t\t\t\t\t\t\t\t\t<\/div>\r\n\t\t\t\r\n\t\t\t\t\t\t\r\n\r\n\t\t\t\r\n\t\t<\/div>\r\n\t\r\n\t\t\r\n\t\t\r\n\t\t\t\t\r\n\t\t\r\n\t\t<div class=\"icon-box-wrap clearfix col-lg-4 col-md-4 col-sm-6 no_desc vertical-center\" style=\"margin-bottom:24px;\">\t\t\r\n\r\n\t\t\t<h4 class=\"item-title h6\">Jawbone defects<\/h4>\t\t\t\t\t\t\t<div class=\"icon-wrap absolute simple\">\r\n\t\t\t\t\t<span class=\"sow-icon-dentalicons5\" data-sow-icon=\"&#xe903;\"\n\t\tstyle=\"color: #8cb400\" \n\t\taria-hidden=\"true\"><\/span>\t\t\t\t\t\t\t\t\t<\/div>\r\n\t\t\t\r\n\t\t\t\t\t\t\r\n\r\n\t\t\t\r\n\t\t<\/div>\r\n\t\r\n<\/div><\/div><\/div><\/div><\/div><\/div><\/div><\/div>","protected":false},"excerpt":{"rendered":"<p>Straumann \u00ae leader and teacher, oral surgeon specialising in implantology and bone regeneration. Dr. Slov\u0161a has trained and worked in Germany for more than 20 years. Dental Faculty in Berlin (Benjamin Franklin) 1999. Specialization as an oral surgeon at the Clinic for Maxillofacial Surgery, Cheek Surgery and Plastic Surgery in Stuttgart 2006<\/p>","protected":false},"author":2,"featured_media":0,"parent":0,"menu_order":0,"comment_status":"closed","ping_status":"closed","template":"","meta":{"footnotes":""},"class_list":["post-1541","page","type-page","status-publish","hentry"],"yoast_head":"<!-- This site is optimized with the Yoast SEO plugin v27.4 - https:\/\/yoast.com\/product\/yoast-seo-wordpress\/ -->\n<title>DARKO SLOV\u0160A, DR.SC. MOM M.SC., DR.DENT.MED - BK DENTAL<\/title>\n<meta name=\"robots\" content=\"index, follow, max-snippet:-1, max-image-preview:large, max-video-preview:-1\" \/>\n<link rel=\"canonical\" href=\"https:\/\/bkdental.si\/en\/darko-slovsa-dr-sc-mom-m-sc-dr-dent-med\/\" \/>\n<meta property=\"og:locale\" content=\"en_GB\" \/>\n<meta property=\"og:type\" content=\"article\" \/>\n<meta property=\"og:title\" content=\"DARKO SLOV\u0160A, DR.SC. MOM M.SC., DR.DENT.MED - BK DENTAL\" \/>\n<meta property=\"og:description\" content=\"Straumann \u00ae vodja in u\u010ditelj, zdravnik za oralno kirurgijo, specializiran za implantologijo in regeneracijo kosti. Dr.Slov\u0161a se je izobra\u017eeval in delal ve\u010d kot 20 let v Nem\u010diji. Stomatolo\u0161ka fakulteta v Berlinu (Benjamin Franklin) 1999. Specializacija za oralnega kirurga v kliniki za \u010deljustno kirurgijo, kirurgijo lica i plasti\u010dnih operacij v Stuttgartu 2006\" \/>\n<meta property=\"og:url\" content=\"https:\/\/bkdental.si\/en\/darko-slovsa-dr-sc-mom-m-sc-dr-dent-med\/\" \/>\n<meta property=\"og:site_name\" content=\"BK DENTAL\" \/>\n<meta property=\"article:modified_time\" content=\"2024-07-29T11:56:10+00:00\" \/>\n<meta name=\"twitter:card\" content=\"summary_large_image\" \/>\n<script type=\"application\/ld+json\" class=\"yoast-schema-graph\">{\"@context\":\"https:\\\/\\\/schema.org\",\"@graph\":[{\"@type\":\"WebPage\",\"@id\":\"https:\\\/\\\/bkdental.si\\\/darko-slovsa-dr-sc-mom-m-sc-dr-dent-med\\\/\",\"url\":\"https:\\\/\\\/bkdental.si\\\/darko-slovsa-dr-sc-mom-m-sc-dr-dent-med\\\/\",\"name\":\"DARKO SLOV\u0160A, DR.SC. MOM M.SC., DR.DENT.MED - BK DENTAL\",\"isPartOf\":{\"@id\":\"https:\\\/\\\/bkdental.si\\\/#website\"},\"datePublished\":\"2022-06-14T06:15:28+00:00\",\"dateModified\":\"2024-07-29T11:56:10+00:00\",\"breadcrumb\":{\"@id\":\"https:\\\/\\\/bkdental.si\\\/darko-slovsa-dr-sc-mom-m-sc-dr-dent-med\\\/#breadcrumb\"},\"inLanguage\":\"en-GB\",\"potentialAction\":[{\"@type\":\"ReadAction\",\"target\":[\"https:\\\/\\\/bkdental.si\\\/darko-slovsa-dr-sc-mom-m-sc-dr-dent-med\\\/\"]}]},{\"@type\":\"BreadcrumbList\",\"@id\":\"https:\\\/\\\/bkdental.si\\\/darko-slovsa-dr-sc-mom-m-sc-dr-dent-med\\\/#breadcrumb\",\"itemListElement\":[{\"@type\":\"ListItem\",\"position\":1,\"name\":\"Home\",\"item\":\"https:\\\/\\\/bkdental.si\\\/de\\\/\"},{\"@type\":\"ListItem\",\"position\":2,\"name\":\"DARKO SLOV\u0160A, DR.SC. MOM M.SC., DR.DENT.MED\"}]},{\"@type\":\"WebSite\",\"@id\":\"https:\\\/\\\/bkdental.si\\\/#website\",\"url\":\"https:\\\/\\\/bkdental.si\\\/\",\"name\":\"BK DENTAL Maribor\",\"description\":\"Zasebni zobozdravstveni, implantolo\u0161ki, rentgenolo\u0161ki center Maribor\",\"publisher\":{\"@id\":\"https:\\\/\\\/bkdental.si\\\/#organization\"},\"potentialAction\":[{\"@type\":\"SearchAction\",\"target\":{\"@type\":\"EntryPoint\",\"urlTemplate\":\"https:\\\/\\\/bkdental.si\\\/?s={search_term_string}\"},\"query-input\":{\"@type\":\"PropertyValueSpecification\",\"valueRequired\":true,\"valueName\":\"search_term_string\"}}],\"inLanguage\":\"en-GB\"},{\"@type\":\"Organization\",\"@id\":\"https:\\\/\\\/bkdental.si\\\/#organization\",\"name\":\"BK DENTAL\",\"url\":\"https:\\\/\\\/bkdental.si\\\/\",\"logo\":{\"@type\":\"ImageObject\",\"inLanguage\":\"en-GB\",\"@id\":\"https:\\\/\\\/bkdental.si\\\/#\\\/schema\\\/logo\\\/image\\\/\",\"url\":\"https:\\\/\\\/bkdental.si\\\/wp-content\\\/uploads\\\/2020\\\/05\\\/cropped-bkdental-favicon.png\",\"contentUrl\":\"https:\\\/\\\/bkdental.si\\\/wp-content\\\/uploads\\\/2020\\\/05\\\/cropped-bkdental-favicon.png\",\"width\":512,\"height\":512,\"caption\":\"BK DENTAL\"},\"image\":{\"@id\":\"https:\\\/\\\/bkdental.si\\\/#\\\/schema\\\/logo\\\/image\\\/\"}}]}<\/script>\n<!-- \/ Yoast SEO plugin. -->","yoast_head_json":{"title":"DR DARKO SLOV\u0160A, DR.SC. MOM M.SC., DR.DENT.MED - BK DENTAL","robots":{"index":"index","follow":"follow","max-snippet":"max-snippet:-1","max-image-preview":"max-image-preview:large","max-video-preview":"max-video-preview:-1"},"canonical":"https:\/\/bkdental.si\/en\/darko-slovsa-dr-sc-mom-m-sc-dr-dent-med\/","og_locale":"en_GB","og_type":"article","og_title":"DARKO SLOV\u0160A, DR.SC. MOM M.SC., DR.DENT.MED - BK DENTAL","og_description":"Straumann \u00ae vodja in u\u010ditelj, zdravnik za oralno kirurgijo, specializiran za implantologijo in regeneracijo kosti. Dr.Slov\u0161a se je izobra\u017eeval in delal ve\u010d kot 20 let v Nem\u010diji. Stomatolo\u0161ka fakulteta v Berlinu (Benjamin Franklin) 1999. Specializacija za oralnega kirurga v kliniki za \u010deljustno kirurgijo, kirurgijo lica i plasti\u010dnih operacij v Stuttgartu 2006","og_url":"https:\/\/bkdental.si\/en\/darko-slovsa-dr-sc-mom-m-sc-dr-dent-med\/","og_site_name":"BK DENTAL","article_modified_time":"2024-07-29T11:56:10+00:00","twitter_card":"summary_large_image","schema":{"@context":"https:\/\/schema.org","@graph":[{"@type":"WebPage","@id":"https:\/\/bkdental.si\/darko-slovsa-dr-sc-mom-m-sc-dr-dent-med\/","url":"https:\/\/bkdental.si\/darko-slovsa-dr-sc-mom-m-sc-dr-dent-med\/","name":"DR DARKO SLOV\u0160A, DR.SC. MOM M.SC., DR.DENT.MED - BK DENTAL","isPartOf":{"@id":"https:\/\/bkdental.si\/#website"},"datePublished":"2022-06-14T06:15:28+00:00","dateModified":"2024-07-29T11:56:10+00:00","breadcrumb":{"@id":"https:\/\/bkdental.si\/darko-slovsa-dr-sc-mom-m-sc-dr-dent-med\/#breadcrumb"},"inLanguage":"en-GB","potentialAction":[{"@type":"ReadAction","target":["https:\/\/bkdental.si\/darko-slovsa-dr-sc-mom-m-sc-dr-dent-med\/"]}]},{"@type":"BreadcrumbList","@id":"https:\/\/bkdental.si\/darko-slovsa-dr-sc-mom-m-sc-dr-dent-med\/#breadcrumb","itemListElement":[{"@type":"ListItem","position":1,"name":"Home","item":"https:\/\/bkdental.si\/de\/"},{"@type":"ListItem","position":2,"name":"DARKO SLOV\u0160A, DR.SC. MOM M.SC., DR.DENT.MED"}]},{"@type":"WebSite","@id":"https:\/\/bkdental.si\/#website","url":"https:\/\/bkdental.si\/","name":"BK DENTAL Maribor","description":"Private dental, implantology and radiology centre Maribor","publisher":{"@id":"https:\/\/bkdental.si\/#organization"},"potentialAction":[{"@type":"SearchAction","target":{"@type":"EntryPoint","urlTemplate":"https:\/\/bkdental.si\/?s={search_term_string}"},"query-input":{"@type":"PropertyValueSpecification","valueRequired":true,"valueName":"search_term_string"}}],"inLanguage":"en-GB"},{"@type":"Organization","@id":"https:\/\/bkdental.si\/#organization","name":"BK DENTAL","url":"https:\/\/bkdental.si\/","logo":{"@type":"ImageObject","inLanguage":"en-GB","@id":"https:\/\/bkdental.si\/#\/schema\/logo\/image\/","url":"https:\/\/bkdental.si\/wp-content\/uploads\/2020\/05\/cropped-bkdental-favicon.png","contentUrl":"https:\/\/bkdental.si\/wp-content\/uploads\/2020\/05\/cropped-bkdental-favicon.png","width":512,"height":512,"caption":"BK DENTAL"},"image":{"@id":"https:\/\/bkdental.si\/#\/schema\/logo\/image\/"}}]}},"_links":{"self":[{"href":"https:\/\/bkdental.si\/en\/wp-json\/wp\/v2\/pages\/1541","targetHints":{"allow":["GET"]}}],"collection":[{"href":"https:\/\/bkdental.si\/en\/wp-json\/wp\/v2\/pages"}],"about":[{"href":"https:\/\/bkdental.si\/en\/wp-json\/wp\/v2\/types\/page"}],"author":[{"embeddable":true,"href":"https:\/\/bkdental.si\/en\/wp-json\/wp\/v2\/users\/2"}],"replies":[{"embeddable":true,"href":"https:\/\/bkdental.si\/en\/wp-json\/wp\/v2\/comments?post=1541"}],"version-history":[{"count":8,"href":"https:\/\/bkdental.si\/en\/wp-json\/wp\/v2\/pages\/1541\/revisions"}],"predecessor-version":[{"id":1674,"href":"https:\/\/bkdental.si\/en\/wp-json\/wp\/v2\/pages\/1541\/revisions\/1674"}],"wp:attachment":[{"href":"https:\/\/bkdental.si\/en\/wp-json\/wp\/v2\/media?parent=1541"}],"curies":[{"name":"wp","href":"https:\/\/api.w.org\/{rel}","templated":true}]}}