{"id":129,"date":"2020-04-01T10:24:08","date_gmt":"2020-04-01T08:24:08","guid":{"rendered":"http:\/\/2020.bkdental.si\/?page_id=129"},"modified":"2025-03-19T12:56:14","modified_gmt":"2025-03-19T11:56:14","slug":"barbara-krajnc-dr-dent-med","status":"publish","type":"page","link":"https:\/\/bkdental.si\/en\/predstavitev\/barbara-krajnc-dr-dent-med\/","title":{"rendered":"Barbara Krajnc, dr.dent.med."},"content":{"rendered":"<div id=\"pl-129\"  class=\"panel-layout\" ><div id=\"pg-129-0\"  class=\"panel-grid panel-has-style\" ><div class=\"siteorigin-panels-stretch divider-no-animation tablet-1-in-row mobile-1-in-row desktop-default custom bg-o-contain-right panel-row-style panel-row-style-for-129-0\" id=\"contact-form\" data-stretch-type=\"full\" ><div id=\"pgc-129-0-0\"  class=\"panel-grid-cell\" ><div id=\"panel-129-0-0-0\" class=\"so-panel widget widget_orion_heading_w panel-first-child\" data-index=\"0\" ><div class=\"orion custom mobile-text-center tablets-text-center default panel-widget-style panel-widget-style-for-129-0-0-0\" ><div\n\t\t\t\n\t\t\tclass=\"so-widget-orion_heading_w so-widget-orion_heading_w-base\"\n\t\t\t\n\t\t> \r\n\t\t\t<div class=\"row orion-heading\" style=\"margin-bottom:0px;\">\r\n\t\t<div class=\"col-md-12   text-left style-h4 style-tertiary-color\">\r\n\t\t\t<h4 class=\"tertiary-color text-uppercase\">\r\n\t\t\t\t<strong>Founder of the Centre<\/strong>\t\t\t<\/h4>\r\n\t\t<\/div>\r\n\t<\/div>\r\n\r\n\t<\/div><\/div><\/div><div id=\"panel-129-0-0-1\" class=\"so-panel widget widget_orion_heading_w\" data-index=\"1\" ><div class=\"orion custom mobile-text-center tablets-text-center default panel-widget-style panel-widget-style-for-129-0-0-1\" ><div\n\t\t\t\n\t\t\tclass=\"so-widget-orion_heading_w so-widget-orion_heading_w-base\"\n\t\t\t\n\t\t> \r\n\t\t\t<div class=\"row orion-heading\" style=\"margin-bottom:0px;\">\r\n\t\t<div class=\"col-md-12   text-left style-h1 style-primary-color\">\r\n\t\t\t<h1 class=\"primary-color\">\r\n\t\t\t\t<strong>Barbara Krajnc, dr.dent.med.<\/strong>\t\t\t<\/h1>\r\n\t\t<\/div>\r\n\t<\/div>\r\n\r\n\t<\/div><\/div><\/div><div id=\"panel-129-0-0-2\" class=\"so-panel widget widget_sow-editor\" data-index=\"2\" ><div class=\"orion custom mobile-text-center default panel-widget-style panel-widget-style-for-129-0-0-2\" ><div\n\t\t\t\n\t\t\tclass=\"so-widget-sow-editor so-widget-sow-editor-base\"\n\t\t\t\n\t\t>\n<div class=\"siteorigin-widget-tinymce textwidget\">\n\t<p class=\"lead\">University of Ljubljana, Faculty of Medicine, Dental Medicine 2009<\/p>\n<hr \/>\n<p class=\"lead\">When I was in primary school, I toyed with the idea of being a doctor when I grew up. This thought was probably influenced by the fact that my mother, known to people as Dr Albina Kramer-Krajnc, was a specialist in plastic and reconstructive surgery at the Maribor Hospital, which meant that I was exposed to medicine on a daily basis.<br \/>\nMy first work experience was at the Health Centre in Ljubljana. Soon after successfully completing my professional exam, I looked for a job closer to my hometown.<\/p>\n<hr \/>\n<\/div>\n<\/div><\/div><\/div><div id=\"panel-129-0-0-3\" class=\"so-panel widget widget_orion_icon_text_w panel-last-child\" data-index=\"3\" ><div class=\"orion custom default panel-widget-style panel-widget-style-for-129-0-0-3\" ><div\n\t\t\t\n\t\t\tclass=\"so-widget-orion_icon_text_w so-widget-orion_icon_text_w-base\"\n\t\t\t\n\t\t>\r\n<div class=\"row icon-box-items-wrap grid short\">\r\n \r\n\t\r\n\t\t\r\n\t\t\r\n\t\t\t\t\r\n\t\t\r\n\t\t<div class=\"icon-box-wrap clearfix col-lg-6 col-sm-6 no_desc vertical-center\" style=\"margin-bottom:24px;\">\t\t\r\n\r\n\t\t\t<a class=\"title-link\" href=\"https:\/\/bkdental.si\/en\/storitve\/estetsko-zobozdravstvo\/\"><h4 class=\"item-title h6\">Cosmetic dentistry<\/h4><\/a>\t\t\t\t\t\t\t<a href=\"https:\/\/bkdental.si\/en\/storitve\/estetsko-zobozdravstvo\/\"  class=\"icon-wrap absolute simple\">\r\n\t\t\t\t\t<span class=\"sow-icon-dentalicons5\" data-sow-icon=\"&#xe910;\"\n\t\tstyle=\"color: #8cb400\" \n\t\taria-hidden=\"true\"><\/span>\t\t\t\t\t\t\t\t\t<\/a>\r\n\t\t\t\r\n\t\t\t\t\t\t\r\n\r\n\t\t\t\r\n\t\t<\/div>\r\n\t\r\n\t\t\r\n\t\t\r\n\t\t\t\t\r\n\t\t\r\n\t\t<div class=\"icon-box-wrap clearfix col-lg-6 col-sm-6 no_desc vertical-center\" style=\"margin-bottom:24px;\">\t\t\r\n\r\n\t\t\t<a class=\"title-link\" href=\"https:\/\/bkdental.si\/en\/storitve\/protetika\/\"><h4 class=\"item-title h6\">Restorative dentistry<\/h4><\/a>\t\t\t\t\t\t\t<a href=\"https:\/\/bkdental.si\/en\/storitve\/protetika\/\"  class=\"icon-wrap absolute simple\">\r\n\t\t\t\t\t<span class=\"sow-icon-dentalicons5\" data-sow-icon=\"&#xe90f;\"\n\t\tstyle=\"color: #8cb400\" \n\t\taria-hidden=\"true\"><\/span>\t\t\t\t\t\t\t\t\t<\/a>\r\n\t\t\t\r\n\t\t\t\t\t\t\r\n\r\n\t\t\t\r\n\t\t<\/div>\r\n\t\r\n\t\t\r\n\t\t\r\n\t\t\t\t\r\n\t\t\r\n\t\t<div class=\"icon-box-wrap clearfix col-lg-6 col-sm-6 no_desc vertical-center\" style=\"margin-bottom:24px;\">\t\t\r\n\r\n\t\t\t<a class=\"title-link\" href=\"https:\/\/bkdental.si\/en\/storitve\/nevidni-zobni-aparati\/\"><h4 class=\"item-title h6\">Clear aligners<\/h4><\/a>\t\t\t\t\t\t\t<a href=\"https:\/\/bkdental.si\/en\/storitve\/nevidni-zobni-aparati\/\"  class=\"icon-wrap absolute simple\">\r\n\t\t\t\t\t<span class=\"sow-icon-dentalicons5\" data-sow-icon=\"&#xe90a;\"\n\t\tstyle=\"color: #8cb400\" \n\t\taria-hidden=\"true\"><\/span>\t\t\t\t\t\t\t\t\t<\/a>\r\n\t\t\t\r\n\t\t\t\t\t\t\r\n\r\n\t\t\t\r\n\t\t<\/div>\r\n\t\r\n\t\t\r\n\t\t\r\n\t\t\t\t\r\n\t\t\r\n\t\t<div class=\"icon-box-wrap clearfix col-lg-6 col-sm-6 no_desc vertical-center\" style=\"margin-bottom:24px;\">\t\t\r\n\r\n\t\t\t<a class=\"title-link\" href=\"https:\/\/bkdental.si\/en\/storitve\/\"><h4 class=\"item-title h6\">Root canal treatment<\/h4><\/a>\t\t\t\t\t\t\t<a href=\"https:\/\/bkdental.si\/en\/storitve\/\"  class=\"icon-wrap absolute simple\">\r\n\t\t\t\t\t<span class=\"sow-icon-dentalicons5\" data-sow-icon=\"&#xe90b;\"\n\t\tstyle=\"color: #8cb400\" \n\t\taria-hidden=\"true\"><\/span>\t\t\t\t\t\t\t\t\t<\/a>\r\n\t\t\t\r\n\t\t\t\t\t\t\r\n\r\n\t\t\t\r\n\t\t<\/div>\r\n\t\r\n<\/div><\/div><\/div><\/div><\/div><div id=\"pgc-129-0-1\"  class=\"panel-grid-cell\" ><div id=\"panel-129-0-1-0\" class=\"so-panel widget widget_orion_image_w panel-first-child panel-last-child\" data-index=\"4\" ><div class=\"orion custom default shadow-1 panel-widget-style panel-widget-style-for-129-0-1-0\" ><div\n\t\t\t\n\t\t\tclass=\"so-widget-orion_image_w so-widget-orion_image_w-base\"\n\t\t\t\n\t\t>\r\n<div class=\"image-w relative\">\r\n\r\n\t\t\t\t\t\t\t<div class=\"overlay-none overlay-hover-none\">\r\n\t\t\r\n\t\t\t\t\t<img loading=\"lazy\" decoding=\"async\" width=\"960\" height=\"1440\" src=\"https:\/\/bkdental.si\/wp-content\/uploads\/2024\/07\/dr.Barbara-Krajnc.webp\" class=\"attachment- size-\" alt=\"\" \/>\t\t\t<div class=\"overlay\"><\/div>\r\n\t\t\r\n\t\t\t\t\t<\/div>\r\n\t\t\t\r\n\t\r\n\t<div class=\"absolute\">\r\n\t\t<div class=\"hover-desc table-wrap\">\r\n\t\t\t<div class=\"cell-wrap\">\r\n\t\t\t\t<h4 class=\"text-light\"><\/h4>\r\n\t\t\t<\/div>\r\n\t\t<\/div>\r\n\t<\/div>\t\t\t\t\t\r\n<\/div>\r\n\r\n<\/div><\/div><\/div><\/div><\/div><\/div><\/div>","protected":false},"excerpt":{"rendered":"<p>University of Ljubljana, Faculty of Medicine, Faculty of Dental Medicine 2009 When I was in primary school, I toyed with the idea of becoming a doctor when I grew up. I think it was the fact that my mother, known to people as Dr. Albina Kramer-Krajnc, was a specialist in plastic and reconstructive surgery at the Maribor Hospital, which meant that I was confronted on a daily basis with<\/p>","protected":false},"author":2,"featured_media":0,"parent":80,"menu_order":0,"comment_status":"closed","ping_status":"closed","template":"","meta":{"footnotes":""},"class_list":["post-129","page","type-page","status-publish","hentry"],"yoast_head":"<!-- This site is optimized with the Yoast SEO plugin v27.4 - https:\/\/yoast.com\/product\/yoast-seo-wordpress\/ -->\n<title>Barbara Krajnc, dr.dent.med. - BK DENTAL<\/title>\n<meta name=\"robots\" content=\"index, follow, max-snippet:-1, max-image-preview:large, max-video-preview:-1\" \/>\n<link rel=\"canonical\" href=\"https:\/\/bkdental.si\/en\/about\/barbara-krajnc-dr-dent-med\/\" \/>\n<meta property=\"og:locale\" content=\"en_GB\" \/>\n<meta property=\"og:type\" content=\"article\" \/>\n<meta property=\"og:title\" content=\"Barbara Krajnc, dr.dent.med. - BK DENTAL\" \/>\n<meta property=\"og:description\" content=\"Univerza v Ljubljani, Medicinska fakulteta smer Dentalna medicina 2009 \u017de kot osnovno\u0161olka sem se poigravala z mislijo, da bom, ko odrastem, zdravnica. Najbr\u017e je tej misli botrovalo dejstvo, da je moja mami, ljudem poznana pod imenom dr. Albina Kramer-Krajnc, bila specialistka plasti\u010dne in rekonstruktivne kirurgije v bolni\u0161nici Maribor, zaradi \u010desar sem se vsakodnevno sre\u010devala z\" \/>\n<meta property=\"og:url\" content=\"https:\/\/bkdental.si\/en\/about\/barbara-krajnc-dr-dent-med\/\" \/>\n<meta property=\"og:site_name\" content=\"BK DENTAL\" \/>\n<meta property=\"article:modified_time\" content=\"2025-03-19T11:56:14+00:00\" \/>\n<meta name=\"twitter:card\" content=\"summary_large_image\" \/>\n<meta name=\"twitter:label1\" content=\"Estimated reading time\" \/>\n\t<meta name=\"twitter:data1\" content=\"1 minute\" \/>\n<script type=\"application\/ld+json\" class=\"yoast-schema-graph\">{\"@context\":\"https:\\\/\\\/schema.org\",\"@graph\":[{\"@type\":\"WebPage\",\"@id\":\"https:\\\/\\\/bkdental.si\\\/predstavitev\\\/barbara-krajnc-dr-dent-med\\\/\",\"url\":\"https:\\\/\\\/bkdental.si\\\/predstavitev\\\/barbara-krajnc-dr-dent-med\\\/\",\"name\":\"Barbara Krajnc, dr.dent.med. - BK DENTAL\",\"isPartOf\":{\"@id\":\"https:\\\/\\\/bkdental.si\\\/#website\"},\"datePublished\":\"2020-04-01T08:24:08+00:00\",\"dateModified\":\"2025-03-19T11:56:14+00:00\",\"breadcrumb\":{\"@id\":\"https:\\\/\\\/bkdental.si\\\/predstavitev\\\/barbara-krajnc-dr-dent-med\\\/#breadcrumb\"},\"inLanguage\":\"en-GB\",\"potentialAction\":[{\"@type\":\"ReadAction\",\"target\":[\"https:\\\/\\\/bkdental.si\\\/predstavitev\\\/barbara-krajnc-dr-dent-med\\\/\"]}]},{\"@type\":\"BreadcrumbList\",\"@id\":\"https:\\\/\\\/bkdental.si\\\/predstavitev\\\/barbara-krajnc-dr-dent-med\\\/#breadcrumb\",\"itemListElement\":[{\"@type\":\"ListItem\",\"position\":1,\"name\":\"Home\",\"item\":\"https:\\\/\\\/bkdental.si\\\/de\\\/\"},{\"@type\":\"ListItem\",\"position\":2,\"name\":\"Predstavitev\",\"item\":\"https:\\\/\\\/bkdental.si\\\/predstavitev\\\/\"},{\"@type\":\"ListItem\",\"position\":3,\"name\":\"Barbara Krajnc, dr.dent.med.\"}]},{\"@type\":\"WebSite\",\"@id\":\"https:\\\/\\\/bkdental.si\\\/#website\",\"url\":\"https:\\\/\\\/bkdental.si\\\/\",\"name\":\"BK DENTAL Maribor\",\"description\":\"Zasebni zobozdravstveni, implantolo\u0161ki, rentgenolo\u0161ki center Maribor\",\"publisher\":{\"@id\":\"https:\\\/\\\/bkdental.si\\\/#organization\"},\"potentialAction\":[{\"@type\":\"SearchAction\",\"target\":{\"@type\":\"EntryPoint\",\"urlTemplate\":\"https:\\\/\\\/bkdental.si\\\/?s={search_term_string}\"},\"query-input\":{\"@type\":\"PropertyValueSpecification\",\"valueRequired\":true,\"valueName\":\"search_term_string\"}}],\"inLanguage\":\"en-GB\"},{\"@type\":\"Organization\",\"@id\":\"https:\\\/\\\/bkdental.si\\\/#organization\",\"name\":\"BK DENTAL\",\"url\":\"https:\\\/\\\/bkdental.si\\\/\",\"logo\":{\"@type\":\"ImageObject\",\"inLanguage\":\"en-GB\",\"@id\":\"https:\\\/\\\/bkdental.si\\\/#\\\/schema\\\/logo\\\/image\\\/\",\"url\":\"https:\\\/\\\/bkdental.si\\\/wp-content\\\/uploads\\\/2020\\\/05\\\/cropped-bkdental-favicon.png\",\"contentUrl\":\"https:\\\/\\\/bkdental.si\\\/wp-content\\\/uploads\\\/2020\\\/05\\\/cropped-bkdental-favicon.png\",\"width\":512,\"height\":512,\"caption\":\"BK DENTAL\"},\"image\":{\"@id\":\"https:\\\/\\\/bkdental.si\\\/#\\\/schema\\\/logo\\\/image\\\/\"}}]}<\/script>\n<!-- \/ Yoast SEO plugin. -->","yoast_head_json":{"title":"Barbara Krajnc, Dr. Dent. Med. - BK DENTAL","robots":{"index":"index","follow":"follow","max-snippet":"max-snippet:-1","max-image-preview":"max-image-preview:large","max-video-preview":"max-video-preview:-1"},"canonical":"https:\/\/bkdental.si\/en\/about\/barbara-krajnc-dr-dent-med\/","og_locale":"en_GB","og_type":"article","og_title":"Barbara Krajnc, dr.dent.med. - BK DENTAL","og_description":"Univerza v Ljubljani, Medicinska fakulteta smer Dentalna medicina 2009 \u017de kot osnovno\u0161olka sem se poigravala z mislijo, da bom, ko odrastem, zdravnica. Najbr\u017e je tej misli botrovalo dejstvo, da je moja mami, ljudem poznana pod imenom dr. Albina Kramer-Krajnc, bila specialistka plasti\u010dne in rekonstruktivne kirurgije v bolni\u0161nici Maribor, zaradi \u010desar sem se vsakodnevno sre\u010devala z","og_url":"https:\/\/bkdental.si\/en\/about\/barbara-krajnc-dr-dent-med\/","og_site_name":"BK DENTAL","article_modified_time":"2025-03-19T11:56:14+00:00","twitter_card":"summary_large_image","twitter_misc":{"Estimated reading time":"1 minute"},"schema":{"@context":"https:\/\/schema.org","@graph":[{"@type":"WebPage","@id":"https:\/\/bkdental.si\/predstavitev\/barbara-krajnc-dr-dent-med\/","url":"https:\/\/bkdental.si\/predstavitev\/barbara-krajnc-dr-dent-med\/","name":"Barbara Krajnc, Dr. Dent. Med. - BK DENTAL","isPartOf":{"@id":"https:\/\/bkdental.si\/#website"},"datePublished":"2020-04-01T08:24:08+00:00","dateModified":"2025-03-19T11:56:14+00:00","breadcrumb":{"@id":"https:\/\/bkdental.si\/predstavitev\/barbara-krajnc-dr-dent-med\/#breadcrumb"},"inLanguage":"en-GB","potentialAction":[{"@type":"ReadAction","target":["https:\/\/bkdental.si\/predstavitev\/barbara-krajnc-dr-dent-med\/"]}]},{"@type":"BreadcrumbList","@id":"https:\/\/bkdental.si\/predstavitev\/barbara-krajnc-dr-dent-med\/#breadcrumb","itemListElement":[{"@type":"ListItem","position":1,"name":"Home","item":"https:\/\/bkdental.si\/de\/"},{"@type":"ListItem","position":2,"name":"Predstavitev","item":"https:\/\/bkdental.si\/predstavitev\/"},{"@type":"ListItem","position":3,"name":"Barbara Krajnc, dr.dent.med."}]},{"@type":"WebSite","@id":"https:\/\/bkdental.si\/#website","url":"https:\/\/bkdental.si\/","name":"BK DENTAL Maribor","description":"Private dental, implantology and radiology centre Maribor","publisher":{"@id":"https:\/\/bkdental.si\/#organization"},"potentialAction":[{"@type":"SearchAction","target":{"@type":"EntryPoint","urlTemplate":"https:\/\/bkdental.si\/?s={search_term_string}"},"query-input":{"@type":"PropertyValueSpecification","valueRequired":true,"valueName":"search_term_string"}}],"inLanguage":"en-GB"},{"@type":"Organization","@id":"https:\/\/bkdental.si\/#organization","name":"BK DENTAL","url":"https:\/\/bkdental.si\/","logo":{"@type":"ImageObject","inLanguage":"en-GB","@id":"https:\/\/bkdental.si\/#\/schema\/logo\/image\/","url":"https:\/\/bkdental.si\/wp-content\/uploads\/2020\/05\/cropped-bkdental-favicon.png","contentUrl":"https:\/\/bkdental.si\/wp-content\/uploads\/2020\/05\/cropped-bkdental-favicon.png","width":512,"height":512,"caption":"BK DENTAL"},"image":{"@id":"https:\/\/bkdental.si\/#\/schema\/logo\/image\/"}}]}},"_links":{"self":[{"href":"https:\/\/bkdental.si\/en\/wp-json\/wp\/v2\/pages\/129","targetHints":{"allow":["GET"]}}],"collection":[{"href":"https:\/\/bkdental.si\/en\/wp-json\/wp\/v2\/pages"}],"about":[{"href":"https:\/\/bkdental.si\/en\/wp-json\/wp\/v2\/types\/page"}],"author":[{"embeddable":true,"href":"https:\/\/bkdental.si\/en\/wp-json\/wp\/v2\/users\/2"}],"replies":[{"embeddable":true,"href":"https:\/\/bkdental.si\/en\/wp-json\/wp\/v2\/comments?post=129"}],"version-history":[{"count":15,"href":"https:\/\/bkdental.si\/en\/wp-json\/wp\/v2\/pages\/129\/revisions"}],"predecessor-version":[{"id":1764,"href":"https:\/\/bkdental.si\/en\/wp-json\/wp\/v2\/pages\/129\/revisions\/1764"}],"up":[{"embeddable":true,"href":"https:\/\/bkdental.si\/en\/wp-json\/wp\/v2\/pages\/80"}],"wp:attachment":[{"href":"https:\/\/bkdental.si\/en\/wp-json\/wp\/v2\/media?parent=129"}],"curies":[{"name":"wp","href":"https:\/\/api.w.org\/{rel}","templated":true}]}}